{"id":552,"date":"2024-12-02T23:55:07","date_gmt":"2024-12-02T22:55:07","guid":{"rendered":"https:\/\/animalnaturaterapia.es\/?page_id=552"},"modified":"2024-12-20T09:53:05","modified_gmt":"2024-12-20T08:53:05","slug":"casos-clinicos","status":"publish","type":"page","link":"https:\/\/animalnaturaterapia.es\/index.php\/casos-clinicos\/","title":{"rendered":"Casos Cl\u00ednicos"},"content":{"rendered":"\t\t<div data-elementor-type=\"wp-page\" data-elementor-id=\"552\" class=\"elementor elementor-552\" data-elementor-post-type=\"page\">\n\t\t\t\t\t\t<section class=\"elementor-section elementor-top-section elementor-element elementor-element-e2dfeb7 elementor-section-height-min-height elementor-section-content-middle elementor-section-boxed elementor-section-height-default elementor-section-items-middle\" data-id=\"e2dfeb7\" data-element_type=\"section\" data-settings=\"{&quot;background_background&quot;:&quot;classic&quot;}\">\n\t\t\t\t\t\t\t<div class=\"elementor-background-overlay\"><\/div>\n\t\t\t\t\t\t\t<div class=\"elementor-container elementor-column-gap-default\">\n\t\t\t\t\t<div class=\"elementor-column elementor-col-50 elementor-top-column elementor-element elementor-element-a9894a1\" data-id=\"a9894a1\" data-element_type=\"column\">\n\t\t\t<div class=\"elementor-widget-wrap elementor-element-populated\">\n\t\t\t\t\t\t<div class=\"elementor-element elementor-element-9c73bba elementor-widget elementor-widget-image\" data-id=\"9c73bba\" data-element_type=\"widget\" data-widget_type=\"image.default\">\n\t\t\t\t<div class=\"elementor-widget-container\">\n\t\t\t\t\t\t\t\t\t\t\t\t\t<img fetchpriority=\"high\" decoding=\"async\" width=\"603\" height=\"819\" src=\"https:\/\/animalnaturaterapia.es\/wp-content\/uploads\/2024\/10\/decoration-dots-01.png\" class=\"attachment-large size-large wp-image-27\" alt=\"\" srcset=\"https:\/\/animalnaturaterapia.es\/wp-content\/uploads\/2024\/10\/decoration-dots-01.png 603w, https:\/\/animalnaturaterapia.es\/wp-content\/uploads\/2024\/10\/decoration-dots-01-221x300.png 221w\" sizes=\"(max-width: 603px) 100vw, 603px\" \/>\t\t\t\t\t\t\t\t\t\t\t\t\t<\/div>\n\t\t\t\t<\/div>\n\t\t\t\t<div class=\"elementor-element elementor-element-0232206 elementor-widget__width-initial elementor-widget elementor-widget-image\" data-id=\"0232206\" data-element_type=\"widget\" data-widget_type=\"image.default\">\n\t\t\t\t<div class=\"elementor-widget-container\">\n\t\t\t\t\t\t\t\t\t\t\t\t\t<img decoding=\"async\" width=\"800\" height=\"748\" src=\"https:\/\/animalnaturaterapia.es\/wp-content\/uploads\/2024\/10\/Animal-Naturaterapia-18-1024x958.png\" class=\"attachment-large size-large wp-image-131\" alt=\"\" srcset=\"https:\/\/animalnaturaterapia.es\/wp-content\/uploads\/2024\/10\/Animal-Naturaterapia-18-1024x958.png 1024w, https:\/\/animalnaturaterapia.es\/wp-content\/uploads\/2024\/10\/Animal-Naturaterapia-18-300x281.png 300w, https:\/\/animalnaturaterapia.es\/wp-content\/uploads\/2024\/10\/Animal-Naturaterapia-18-768x718.png 768w, https:\/\/animalnaturaterapia.es\/wp-content\/uploads\/2024\/10\/Animal-Naturaterapia-18-1536x1437.png 1536w, https:\/\/animalnaturaterapia.es\/wp-content\/uploads\/2024\/10\/Animal-Naturaterapia-18-2048x1915.png 2048w\" sizes=\"(max-width: 800px) 100vw, 800px\" \/>\t\t\t\t\t\t\t\t\t\t\t\t\t<\/div>\n\t\t\t\t<\/div>\n\t\t\t\t\t<\/div>\n\t\t<\/div>\n\t\t\t\t<div class=\"elementor-column elementor-col-50 elementor-top-column elementor-element elementor-element-fe401cc\" data-id=\"fe401cc\" data-element_type=\"column\">\n\t\t\t<div class=\"elementor-widget-wrap elementor-element-populated\">\n\t\t\t\t\t\t<div class=\"elementor-element elementor-element-d49ee85 elementor-widget elementor-widget-image\" data-id=\"d49ee85\" data-element_type=\"widget\" data-widget_type=\"image.default\">\n\t\t\t\t<div class=\"elementor-widget-container\">\n\t\t\t\t\t\t\t\t\t\t\t\t\t<img fetchpriority=\"high\" decoding=\"async\" width=\"603\" height=\"819\" src=\"https:\/\/animalnaturaterapia.es\/wp-content\/uploads\/2024\/10\/decoration-dots-01.png\" class=\"attachment-large size-large wp-image-27\" alt=\"\" srcset=\"https:\/\/animalnaturaterapia.es\/wp-content\/uploads\/2024\/10\/decoration-dots-01.png 603w, https:\/\/animalnaturaterapia.es\/wp-content\/uploads\/2024\/10\/decoration-dots-01-221x300.png 221w\" sizes=\"(max-width: 603px) 100vw, 603px\" \/>\t\t\t\t\t\t\t\t\t\t\t\t\t<\/div>\n\t\t\t\t<\/div>\n\t\t\t\t<div class=\"elementor-element elementor-element-5714acf elementor-widget elementor-widget-heading\" data-id=\"5714acf\" data-element_type=\"widget\" data-widget_type=\"heading.default\">\n\t\t\t\t<div class=\"elementor-widget-container\">\n\t\t\t<h3 class=\"elementor-heading-title elementor-size-default\">Cura natural, vida plena<\/h3>\t\t<\/div>\n\t\t\t\t<\/div>\n\t\t\t\t<div class=\"elementor-element elementor-element-444ce98 elementor-widget__width-initial elementor-widget-divider--view-line elementor-widget elementor-widget-divider\" data-id=\"444ce98\" data-element_type=\"widget\" data-widget_type=\"divider.default\">\n\t\t\t\t<div class=\"elementor-widget-container\">\n\t\t\t\t\t<div class=\"elementor-divider\">\n\t\t\t<span class=\"elementor-divider-separator\">\n\t\t\t\t\t\t<\/span>\n\t\t<\/div>\n\t\t\t\t<\/div>\n\t\t\t\t<\/div>\n\t\t\t\t<div class=\"elementor-element elementor-element-283a427 elementor-widget elementor-widget-heading\" data-id=\"283a427\" data-element_type=\"widget\" data-widget_type=\"heading.default\">\n\t\t\t\t<div class=\"elementor-widget-container\">\n\t\t\t<h1 class=\"elementor-heading-title elementor-size-default\">Casos cl\u00ednicos<\/h1>\t\t<\/div>\n\t\t\t\t<\/div>\n\t\t\t\t\t<\/div>\n\t\t<\/div>\n\t\t\t\t\t<\/div>\n\t\t<\/section>\n\t\t\t\t<section class=\"elementor-section elementor-top-section elementor-element elementor-element-625fd5ec elementor-section-boxed elementor-section-height-default elementor-section-height-default\" data-id=\"625fd5ec\" data-element_type=\"section\" data-settings=\"{&quot;background_background&quot;:&quot;classic&quot;}\">\n\t\t\t\t\t\t<div class=\"elementor-container elementor-column-gap-default\">\n\t\t\t\t\t<div class=\"elementor-column elementor-col-50 elementor-top-column elementor-element elementor-element-5d2c8823\" data-id=\"5d2c8823\" data-element_type=\"column\">\n\t\t\t<div class=\"elementor-widget-wrap elementor-element-populated\">\n\t\t\t\t\t\t<section class=\"elementor-section elementor-inner-section elementor-element elementor-element-3cc17eb1 elementor-section-boxed elementor-section-height-default elementor-section-height-default\" data-id=\"3cc17eb1\" data-element_type=\"section\">\n\t\t\t\t\t\t<div class=\"elementor-container elementor-column-gap-default\">\n\t\t\t\t\t<div class=\"elementor-column elementor-col-100 elementor-inner-column elementor-element elementor-element-54db63e0\" data-id=\"54db63e0\" data-element_type=\"column\">\n\t\t\t<div class=\"elementor-widget-wrap elementor-element-populated\">\n\t\t\t\t\t\t<div class=\"elementor-element elementor-element-5c309c5e elementor-widget elementor-widget-image\" data-id=\"5c309c5e\" data-element_type=\"widget\" data-widget_type=\"image.default\">\n\t\t\t\t<div class=\"elementor-widget-container\">\n\t\t\t\t\t\t\t\t\t\t\t\t\t<img decoding=\"async\" width=\"181\" height=\"248\" src=\"https:\/\/animalnaturaterapia.es\/wp-content\/uploads\/2024\/10\/decoration-blob-01.png\" class=\"attachment-large size-large wp-image-31\" alt=\"\" \/>\t\t\t\t\t\t\t\t\t\t\t\t\t<\/div>\n\t\t\t\t<\/div>\n\t\t\t\t<div class=\"elementor-element elementor-element-72643cf5 elementor-widget elementor-widget-heading\" data-id=\"72643cf5\" data-element_type=\"widget\" data-widget_type=\"heading.default\">\n\t\t\t\t<div class=\"elementor-widget-container\">\n\t\t\t<h3 class=\"elementor-heading-title elementor-size-default\">CASO CL\u00cdNICO (Fitoterapia, homeopat\u00eda y otras) <\/h3>\t\t<\/div>\n\t\t\t\t<\/div>\n\t\t\t\t<div class=\"elementor-element elementor-element-762bb326 elementor-widget-divider--view-line elementor-widget elementor-widget-divider\" data-id=\"762bb326\" data-element_type=\"widget\" data-widget_type=\"divider.default\">\n\t\t\t\t<div class=\"elementor-widget-container\">\n\t\t\t\t\t<div class=\"elementor-divider\">\n\t\t\t<span class=\"elementor-divider-separator\">\n\t\t\t\t\t\t<\/span>\n\t\t<\/div>\n\t\t\t\t<\/div>\n\t\t\t\t<\/div>\n\t\t\t\t<div class=\"elementor-element elementor-element-2c009ccb elementor-widget elementor-widget-heading\" data-id=\"2c009ccb\" data-element_type=\"widget\" data-widget_type=\"heading.default\">\n\t\t\t\t<div class=\"elementor-widget-container\">\n\t\t\t<h1 class=\"elementor-heading-title elementor-size-default\">VENCEJO<\/h1>\t\t<\/div>\n\t\t\t\t<\/div>\n\t\t\t\t<div class=\"elementor-element elementor-element-494cc666 elementor-widget elementor-widget-text-editor\" data-id=\"494cc666\" data-element_type=\"widget\" data-widget_type=\"text-editor.default\">\n\t\t\t\t<div class=\"elementor-widget-container\">\n\t\t\t\t\t\t\t<p><span style=\"font-weight: 400;\">Est\u00e1bamos en el mes de verano y con una ola de calor que acababa de llegar a nuestra ciudad,\u00a0 paseaba por la calle cuando al alzar la mirada vi encima del cap\u00f3 de un coche a nuestro amiguito de la imagen. No sab\u00eda en qu\u00e9 situaci\u00f3n se encontraba, ya que no se mov\u00eda, no daba se\u00f1ales de vida, me acerque cuidadosamente.., respiraba, improvis\u00e9 una caja de zapatos con agujeros y lo lleve a casa en primer lugar para auxiliarlo. Estaba deshidratado y al borde de la asfixia.<\/span><\/p><p><span style=\"font-weight: 400;\">Al ser sus patas muy peque\u00f1as caen de sus nidos y no pueden volver a impulsarse y retomar el vuelo.<\/span><\/p><p><span style=\"font-weight: 400;\">Afortunadamente a trav\u00e9s de mis cuidados y mis terapias (di\u00f3xido de cloro y otras) san\u00f3 completamente, y con tristeza me tuve que despedir de \u00e9l para llevarlo a el centro de recuperaci\u00f3n de especies amenazadas, donde fue recibido con mucho mimo y<\/span> cari\u00f1o.<\/p>\t\t\t\t\t\t<\/div>\n\t\t\t\t<\/div>\n\t\t\t\t\t<\/div>\n\t\t<\/div>\n\t\t\t\t\t<\/div>\n\t\t<\/section>\n\t\t\t\t\t<\/div>\n\t\t<\/div>\n\t\t\t\t<div class=\"elementor-column elementor-col-50 elementor-top-column elementor-element elementor-element-7c7629aa\" data-id=\"7c7629aa\" data-element_type=\"column\" data-settings=\"{&quot;background_background&quot;:&quot;classic&quot;}\">\n\t\t\t<div class=\"elementor-widget-wrap elementor-element-populated\">\n\t\t\t\t\t\t<div class=\"elementor-element elementor-element-7973db0f elementor-widget elementor-widget-image\" data-id=\"7973db0f\" data-element_type=\"widget\" data-widget_type=\"image.default\">\n\t\t\t\t<div class=\"elementor-widget-container\">\n\t\t\t\t\t\t\t\t\t\t\t\t\t<img loading=\"lazy\" decoding=\"async\" width=\"800\" height=\"589\" src=\"https:\/\/animalnaturaterapia.es\/wp-content\/uploads\/2024\/10\/decoration-dots-02.png\" class=\"attachment-large size-large wp-image-39\" alt=\"\" srcset=\"https:\/\/animalnaturaterapia.es\/wp-content\/uploads\/2024\/10\/decoration-dots-02.png 819w, https:\/\/animalnaturaterapia.es\/wp-content\/uploads\/2024\/10\/decoration-dots-02-300x221.png 300w, https:\/\/animalnaturaterapia.es\/wp-content\/uploads\/2024\/10\/decoration-dots-02-768x565.png 768w\" sizes=\"(max-width: 800px) 100vw, 800px\" \/>\t\t\t\t\t\t\t\t\t\t\t\t\t<\/div>\n\t\t\t\t<\/div>\n\t\t\t\t<div class=\"elementor-element elementor-element-3f171717 elementor-widget elementor-widget-spacer\" data-id=\"3f171717\" data-element_type=\"widget\" data-widget_type=\"spacer.default\">\n\t\t\t\t<div class=\"elementor-widget-container\">\n\t\t\t\t\t<div class=\"elementor-spacer\">\n\t\t\t<div class=\"elementor-spacer-inner\"><\/div>\n\t\t<\/div>\n\t\t\t\t<\/div>\n\t\t\t\t<\/div>\n\t\t\t\t<div class=\"elementor-element elementor-element-3c5c394c elementor-widget elementor-widget-spacer\" data-id=\"3c5c394c\" data-element_type=\"widget\" data-widget_type=\"spacer.default\">\n\t\t\t\t<div class=\"elementor-widget-container\">\n\t\t\t\t\t<div class=\"elementor-spacer\">\n\t\t\t<div class=\"elementor-spacer-inner\"><\/div>\n\t\t<\/div>\n\t\t\t\t<\/div>\n\t\t\t\t<\/div>\n\t\t\t\t\t<\/div>\n\t\t<\/div>\n\t\t\t\t\t<\/div>\n\t\t<\/section>\n\t\t\t\t<section class=\"elementor-section elementor-top-section elementor-element elementor-element-870d338 elementor-reverse-mobile elementor-reverse-tablet elementor-section-boxed elementor-section-height-default elementor-section-height-default\" data-id=\"870d338\" data-element_type=\"section\" data-settings=\"{&quot;background_background&quot;:&quot;classic&quot;}\">\n\t\t\t\t\t\t<div class=\"elementor-container elementor-column-gap-default\">\n\t\t\t\t\t<div class=\"elementor-column elementor-col-50 elementor-top-column elementor-element elementor-element-96868dd\" data-id=\"96868dd\" data-element_type=\"column\" data-settings=\"{&quot;background_background&quot;:&quot;classic&quot;}\">\n\t\t\t<div class=\"elementor-widget-wrap elementor-element-populated\">\n\t\t\t\t\t\t<div class=\"elementor-element elementor-element-b53c254 elementor-widget elementor-widget-image\" data-id=\"b53c254\" data-element_type=\"widget\" data-widget_type=\"image.default\">\n\t\t\t\t<div class=\"elementor-widget-container\">\n\t\t\t\t\t\t\t\t\t\t\t\t\t<img loading=\"lazy\" decoding=\"async\" width=\"800\" height=\"589\" src=\"https:\/\/animalnaturaterapia.es\/wp-content\/uploads\/2024\/10\/decoration-dots-02.png\" class=\"attachment-large size-large wp-image-39\" alt=\"\" srcset=\"https:\/\/animalnaturaterapia.es\/wp-content\/uploads\/2024\/10\/decoration-dots-02.png 819w, https:\/\/animalnaturaterapia.es\/wp-content\/uploads\/2024\/10\/decoration-dots-02-300x221.png 300w, https:\/\/animalnaturaterapia.es\/wp-content\/uploads\/2024\/10\/decoration-dots-02-768x565.png 768w\" sizes=\"(max-width: 800px) 100vw, 800px\" \/>\t\t\t\t\t\t\t\t\t\t\t\t\t<\/div>\n\t\t\t\t<\/div>\n\t\t\t\t<div class=\"elementor-element elementor-element-487ef6d elementor-widget elementor-widget-spacer\" data-id=\"487ef6d\" data-element_type=\"widget\" data-widget_type=\"spacer.default\">\n\t\t\t\t<div class=\"elementor-widget-container\">\n\t\t\t\t\t<div class=\"elementor-spacer\">\n\t\t\t<div class=\"elementor-spacer-inner\"><\/div>\n\t\t<\/div>\n\t\t\t\t<\/div>\n\t\t\t\t<\/div>\n\t\t\t\t<div class=\"elementor-element elementor-element-c729be7 elementor-widget elementor-widget-spacer\" data-id=\"c729be7\" data-element_type=\"widget\" data-widget_type=\"spacer.default\">\n\t\t\t\t<div class=\"elementor-widget-container\">\n\t\t\t\t\t<div class=\"elementor-spacer\">\n\t\t\t<div class=\"elementor-spacer-inner\"><\/div>\n\t\t<\/div>\n\t\t\t\t<\/div>\n\t\t\t\t<\/div>\n\t\t\t\t\t<\/div>\n\t\t<\/div>\n\t\t\t\t<div class=\"elementor-column elementor-col-50 elementor-top-column elementor-element elementor-element-5192da0\" data-id=\"5192da0\" data-element_type=\"column\">\n\t\t\t<div class=\"elementor-widget-wrap elementor-element-populated\">\n\t\t\t\t\t\t<section class=\"elementor-section elementor-inner-section elementor-element elementor-element-4ae8873 elementor-section-boxed elementor-section-height-default elementor-section-height-default\" data-id=\"4ae8873\" data-element_type=\"section\">\n\t\t\t\t\t\t<div class=\"elementor-container elementor-column-gap-default\">\n\t\t\t\t\t<div class=\"elementor-column elementor-col-100 elementor-inner-column elementor-element elementor-element-b8bed34\" data-id=\"b8bed34\" data-element_type=\"column\">\n\t\t\t<div class=\"elementor-widget-wrap elementor-element-populated\">\n\t\t\t\t\t\t<div class=\"elementor-element elementor-element-2c18efb elementor-widget elementor-widget-image\" data-id=\"2c18efb\" data-element_type=\"widget\" data-widget_type=\"image.default\">\n\t\t\t\t<div class=\"elementor-widget-container\">\n\t\t\t\t\t\t\t\t\t\t\t\t\t<img decoding=\"async\" width=\"181\" height=\"248\" src=\"https:\/\/animalnaturaterapia.es\/wp-content\/uploads\/2024\/10\/decoration-blob-01.png\" class=\"attachment-large size-large wp-image-31\" alt=\"\" \/>\t\t\t\t\t\t\t\t\t\t\t\t\t<\/div>\n\t\t\t\t<\/div>\n\t\t\t\t<div class=\"elementor-element elementor-element-d057c28 elementor-widget elementor-widget-heading\" data-id=\"d057c28\" data-element_type=\"widget\" data-widget_type=\"heading.default\">\n\t\t\t\t<div class=\"elementor-widget-container\">\n\t\t\t<h3 class=\"elementor-heading-title elementor-size-default\">CASO CL\u00cdNICO (TERAPIA APLICADA: BQ, METODO PUMS)\n<\/h3>\t\t<\/div>\n\t\t\t\t<\/div>\n\t\t\t\t<div class=\"elementor-element elementor-element-e9e5542 elementor-widget-divider--view-line elementor-widget elementor-widget-divider\" data-id=\"e9e5542\" data-element_type=\"widget\" data-widget_type=\"divider.default\">\n\t\t\t\t<div class=\"elementor-widget-container\">\n\t\t\t\t\t<div class=\"elementor-divider\">\n\t\t\t<span class=\"elementor-divider-separator\">\n\t\t\t\t\t\t<\/span>\n\t\t<\/div>\n\t\t\t\t<\/div>\n\t\t\t\t<\/div>\n\t\t\t\t<div class=\"elementor-element elementor-element-f90e038 elementor-widget elementor-widget-heading\" data-id=\"f90e038\" data-element_type=\"widget\" data-widget_type=\"heading.default\">\n\t\t\t\t<div class=\"elementor-widget-container\">\n\t\t\t<h1 class=\"elementor-heading-title elementor-size-default\">GATO DE 12 A\u00d1OS<\/h1>\t\t<\/div>\n\t\t\t\t<\/div>\n\t\t\t\t<div class=\"elementor-element elementor-element-8683a92 elementor-widget elementor-widget-text-editor\" data-id=\"8683a92\" data-element_type=\"widget\" data-widget_type=\"text-editor.default\">\n\t\t\t\t<div class=\"elementor-widget-container\">\n\t\t\t\t\t\t\t<p>Llevaba d\u00edas echado en su camita, no se levantaba ni para comer, estaba muy delgadito, con gran decaimiento y apat\u00eda.\u00a0<\/p><p>Le hago terapia, y entre otros fen\u00f3menos de alteraci\u00f3n, detecto que no le entra glucosa a la c\u00e9lula beta, no produce atp, (es la mol\u00e9cula portadora de la energ\u00eda primaria para todas las formas de vida ej: bacterias, levaduras, mohos, c\u00e9lulas animales\u2026<\/p><p>Reci\u00e9n acabada su terapia, se ha levantado tan normal, se ha dirigido a su comedero, ha comido y a continuaci\u00f3n se va ha\u00a0 ido buscar a su otro compi de juegos. De nuevo juega, come, interact\u00faa y se escapa por la vecindad. Tiene de nuevo una gran agilidad y fuerza muscular.<\/p>\t\t\t\t\t\t<\/div>\n\t\t\t\t<\/div>\n\t\t\t\t\t<\/div>\n\t\t<\/div>\n\t\t\t\t\t<\/div>\n\t\t<\/section>\n\t\t\t\t\t<\/div>\n\t\t<\/div>\n\t\t\t\t\t<\/div>\n\t\t<\/section>\n\t\t\t\t<section class=\"elementor-section elementor-top-section elementor-element elementor-element-f6fed26 elementor-section-boxed elementor-section-height-default elementor-section-height-default\" data-id=\"f6fed26\" data-element_type=\"section\" data-settings=\"{&quot;background_background&quot;:&quot;classic&quot;}\">\n\t\t\t\t\t\t<div class=\"elementor-container elementor-column-gap-default\">\n\t\t\t\t\t<div class=\"elementor-column elementor-col-50 elementor-top-column elementor-element elementor-element-7494ad0\" data-id=\"7494ad0\" data-element_type=\"column\">\n\t\t\t<div class=\"elementor-widget-wrap elementor-element-populated\">\n\t\t\t\t\t\t<section class=\"elementor-section elementor-inner-section elementor-element elementor-element-824b540 elementor-section-boxed elementor-section-height-default elementor-section-height-default\" data-id=\"824b540\" data-element_type=\"section\">\n\t\t\t\t\t\t<div class=\"elementor-container elementor-column-gap-default\">\n\t\t\t\t\t<div class=\"elementor-column elementor-col-100 elementor-inner-column elementor-element elementor-element-998938d\" data-id=\"998938d\" data-element_type=\"column\">\n\t\t\t<div class=\"elementor-widget-wrap elementor-element-populated\">\n\t\t\t\t\t\t<div class=\"elementor-element elementor-element-415f90b elementor-widget elementor-widget-image\" data-id=\"415f90b\" data-element_type=\"widget\" data-widget_type=\"image.default\">\n\t\t\t\t<div class=\"elementor-widget-container\">\n\t\t\t\t\t\t\t\t\t\t\t\t\t<img decoding=\"async\" width=\"181\" height=\"248\" src=\"https:\/\/animalnaturaterapia.es\/wp-content\/uploads\/2024\/10\/decoration-blob-01.png\" class=\"attachment-large size-large wp-image-31\" alt=\"\" \/>\t\t\t\t\t\t\t\t\t\t\t\t\t<\/div>\n\t\t\t\t<\/div>\n\t\t\t\t<div class=\"elementor-element elementor-element-572c791 elementor-widget elementor-widget-heading\" data-id=\"572c791\" data-element_type=\"widget\" data-widget_type=\"heading.default\">\n\t\t\t\t<div class=\"elementor-widget-container\">\n\t\t\t<h3 class=\"elementor-heading-title elementor-size-default\">CASO CL\u00cdNICO (BIOMAGNETISMO CU\u00c1NTICO)\n<\/h3>\t\t<\/div>\n\t\t\t\t<\/div>\n\t\t\t\t<div class=\"elementor-element elementor-element-4b8600b elementor-widget-divider--view-line elementor-widget elementor-widget-divider\" data-id=\"4b8600b\" data-element_type=\"widget\" data-widget_type=\"divider.default\">\n\t\t\t\t<div class=\"elementor-widget-container\">\n\t\t\t\t\t<div class=\"elementor-divider\">\n\t\t\t<span class=\"elementor-divider-separator\">\n\t\t\t\t\t\t<\/span>\n\t\t<\/div>\n\t\t\t\t<\/div>\n\t\t\t\t<\/div>\n\t\t\t\t<div class=\"elementor-element elementor-element-074bd03 elementor-widget elementor-widget-heading\" data-id=\"074bd03\" data-element_type=\"widget\" data-widget_type=\"heading.default\">\n\t\t\t\t<div class=\"elementor-widget-container\">\n\t\t\t<h1 class=\"elementor-heading-title elementor-size-default\">PERRO DE 2 A\u00d1OS<\/h1>\t\t<\/div>\n\t\t\t\t<\/div>\n\t\t\t\t<div class=\"elementor-element elementor-element-ae9c73c elementor-widget elementor-widget-text-editor\" data-id=\"ae9c73c\" data-element_type=\"widget\" data-widget_type=\"text-editor.default\">\n\t\t\t\t<div class=\"elementor-widget-container\">\n\t\t\t\t\t\t\t<p><span style=\"font-weight: 400;\">Ha perdido el apetito, tiene un cuadro de gastroenteritis, con lo cual sus heces son muy frecuentes y blandas.\u00a0<\/span><\/p><p><span style=\"font-weight: 400;\">Lo trato a\u00a0 distancia con la t\u00e9cnica de biomagnetismo cu\u00e1ntico y hallo un virus que se transmite por alimentos contaminados, por aguas fecales, etc , as\u00ed mismo encuentro un reservorio principalmente de par\u00e1sitos .<\/span><\/p><p><span style=\"font-weight: 400;\">Al d\u00eda siguiente recupera el apetito y su caca vuelve a ser compacta y f\u00e1cil de recoger y est\u00e1 libre de virus y par\u00e1sitos.<\/span><\/p>\t\t\t\t\t\t<\/div>\n\t\t\t\t<\/div>\n\t\t\t\t\t<\/div>\n\t\t<\/div>\n\t\t\t\t\t<\/div>\n\t\t<\/section>\n\t\t\t\t\t<\/div>\n\t\t<\/div>\n\t\t\t\t<div class=\"elementor-column elementor-col-50 elementor-top-column elementor-element elementor-element-1649577\" data-id=\"1649577\" data-element_type=\"column\" data-settings=\"{&quot;background_background&quot;:&quot;classic&quot;}\">\n\t\t\t<div class=\"elementor-widget-wrap elementor-element-populated\">\n\t\t\t\t\t\t<div class=\"elementor-element elementor-element-82a1c27 elementor-widget elementor-widget-image\" data-id=\"82a1c27\" data-element_type=\"widget\" data-widget_type=\"image.default\">\n\t\t\t\t<div class=\"elementor-widget-container\">\n\t\t\t\t\t\t\t\t\t\t\t\t\t<img loading=\"lazy\" decoding=\"async\" width=\"800\" height=\"589\" src=\"https:\/\/animalnaturaterapia.es\/wp-content\/uploads\/2024\/10\/decoration-dots-02.png\" class=\"attachment-large size-large wp-image-39\" alt=\"\" srcset=\"https:\/\/animalnaturaterapia.es\/wp-content\/uploads\/2024\/10\/decoration-dots-02.png 819w, https:\/\/animalnaturaterapia.es\/wp-content\/uploads\/2024\/10\/decoration-dots-02-300x221.png 300w, https:\/\/animalnaturaterapia.es\/wp-content\/uploads\/2024\/10\/decoration-dots-02-768x565.png 768w\" sizes=\"(max-width: 800px) 100vw, 800px\" \/>\t\t\t\t\t\t\t\t\t\t\t\t\t<\/div>\n\t\t\t\t<\/div>\n\t\t\t\t<div class=\"elementor-element elementor-element-887eaa3 elementor-widget elementor-widget-spacer\" data-id=\"887eaa3\" data-element_type=\"widget\" data-widget_type=\"spacer.default\">\n\t\t\t\t<div class=\"elementor-widget-container\">\n\t\t\t\t\t<div class=\"elementor-spacer\">\n\t\t\t<div class=\"elementor-spacer-inner\"><\/div>\n\t\t<\/div>\n\t\t\t\t<\/div>\n\t\t\t\t<\/div>\n\t\t\t\t<div class=\"elementor-element elementor-element-c7de779 elementor-widget elementor-widget-spacer\" data-id=\"c7de779\" data-element_type=\"widget\" data-widget_type=\"spacer.default\">\n\t\t\t\t<div class=\"elementor-widget-container\">\n\t\t\t\t\t<div class=\"elementor-spacer\">\n\t\t\t<div class=\"elementor-spacer-inner\"><\/div>\n\t\t<\/div>\n\t\t\t\t<\/div>\n\t\t\t\t<\/div>\n\t\t\t\t\t<\/div>\n\t\t<\/div>\n\t\t\t\t\t<\/div>\n\t\t<\/section>\n\t\t\t\t<\/div>\n\t\t","protected":false},"excerpt":{"rendered":"<p>Cura natural, vida plena Casos cl\u00ednicos CASO CL\u00cdNICO (Fitoterapia, homeopat\u00eda y otras) VENCEJO Est\u00e1bamos en el mes de verano y con una ola de calor que acababa de llegar a nuestra ciudad,\u00a0 paseaba por la calle cuando al alzar la mirada vi encima del cap\u00f3 de un coche a nuestro amiguito de la imagen. No [&hellip;]<\/p>\n","protected":false},"author":2,"featured_media":0,"parent":0,"menu_order":0,"comment_status":"closed","ping_status":"closed","template":"","meta":{"footnotes":""},"class_list":["post-552","page","type-page","status-publish","hentry"],"_links":{"self":[{"href":"https:\/\/animalnaturaterapia.es\/index.php\/wp-json\/wp\/v2\/pages\/552","targetHints":{"allow":["GET"]}}],"collection":[{"href":"https:\/\/animalnaturaterapia.es\/index.php\/wp-json\/wp\/v2\/pages"}],"about":[{"href":"https:\/\/animalnaturaterapia.es\/index.php\/wp-json\/wp\/v2\/types\/page"}],"author":[{"embeddable":true,"href":"https:\/\/animalnaturaterapia.es\/index.php\/wp-json\/wp\/v2\/users\/2"}],"replies":[{"embeddable":true,"href":"https:\/\/animalnaturaterapia.es\/index.php\/wp-json\/wp\/v2\/comments?post=552"}],"version-history":[{"count":79,"href":"https:\/\/animalnaturaterapia.es\/index.php\/wp-json\/wp\/v2\/pages\/552\/revisions"}],"predecessor-version":[{"id":1328,"href":"https:\/\/animalnaturaterapia.es\/index.php\/wp-json\/wp\/v2\/pages\/552\/revisions\/1328"}],"wp:attachment":[{"href":"https:\/\/animalnaturaterapia.es\/index.php\/wp-json\/wp\/v2\/media?parent=552"}],"curies":[{"name":"wp","href":"https:\/\/api.w.org\/{rel}","templated":true}]}}